{"id":1188,"date":"2022-07-13T01:11:53","date_gmt":"2022-07-13T01:11:53","guid":{"rendered":"https:\/\/southernsmoke.kudos.nyc\/donation-confirmation\/"},"modified":"2022-08-23T14:54:27","modified_gmt":"2022-08-23T14:54:27","slug":"donation-confirmation","status":"publish","type":"page","link":"https:\/\/southernsmoke.kudos.nyc\/es\/donation-confirmation\/","title":{"rendered":"Confirmaci\u00f3n de donaci\u00f3n"},"content":{"rendered":"<span class=\"eyebrow xlarge\">Gracias por su generosa donaci\u00f3n.<\/span>\n<h2>Su apoyo es fundamental en nuestros esfuerzos por &quot;cuidar de los nuestros&quot;. En nombre de Southern Smoke Foundation y los miles de premiados que hemos podido apoyar gracias a donantes como usted, le enviamos nuestro m\u00e1s sincero agradecimiento.<\/h2>\n<p><span class=\"p-style small\">\u00bfTiene alguna pregunta sobre su declaraci\u00f3n de impuestos, registro de donaciones o contribuciones continuas a Southern Smoke? P\u00f3ngase en contacto con la directora de filantrop\u00eda de Southern Smoke, Catarina Bill en <a href=\"mailto:catarina@southernsmoke.org\">catarina@southernsmoke.org<\/a>. <\/span><\/p>","protected":false},"excerpt":{"rendered":"<p>Su apoyo es fundamental en nuestros esfuerzos por &quot;cuidar de los nuestros&quot;. En nombre de Southern Smoke Foundation y los miles de premiados hemos podido apoyar [\u2026]<\/p>","protected":false},"author":1,"featured_media":1196,"parent":0,"menu_order":0,"comment_status":"closed","ping_status":"closed","template":"templates\/page-donate-confirmation.php","meta":{"_acf_changed":false,"inline_featured_image":false,"footnotes":""},"class_list":["post-1188","page","type-page","status-publish","has-post-thumbnail","hentry"],"acf":[],"_links":{"self":[{"href":"https:\/\/southernsmoke.kudos.nyc\/es\/wp-json\/wp\/v2\/pages\/1188","targetHints":{"allow":["GET"]}}],"collection":[{"href":"https:\/\/southernsmoke.kudos.nyc\/es\/wp-json\/wp\/v2\/pages"}],"about":[{"href":"https:\/\/southernsmoke.kudos.nyc\/es\/wp-json\/wp\/v2\/types\/page"}],"author":[{"embeddable":true,"href":"https:\/\/southernsmoke.kudos.nyc\/es\/wp-json\/wp\/v2\/users\/1"}],"replies":[{"embeddable":true,"href":"https:\/\/southernsmoke.kudos.nyc\/es\/wp-json\/wp\/v2\/comments?post=1188"}],"version-history":[{"count":3,"href":"https:\/\/southernsmoke.kudos.nyc\/es\/wp-json\/wp\/v2\/pages\/1188\/revisions"}],"predecessor-version":[{"id":1922,"href":"https:\/\/southernsmoke.kudos.nyc\/es\/wp-json\/wp\/v2\/pages\/1188\/revisions\/1922"}],"wp:featuredmedia":[{"embeddable":true,"href":"https:\/\/southernsmoke.kudos.nyc\/es\/wp-json\/wp\/v2\/media\/1196"}],"wp:attachment":[{"href":"https:\/\/southernsmoke.kudos.nyc\/es\/wp-json\/wp\/v2\/media?parent=1188"}],"curies":[{"name":"wp","href":"https:\/\/api.w.org\/{rel}","templated":true}]}}