{"id":1189,"date":"2022-07-13T01:11:53","date_gmt":"2022-07-13T01:11:53","guid":{"rendered":"https:\/\/southernsmoke.kudos.nyc\/donation-failed\/"},"modified":"2022-07-13T01:11:53","modified_gmt":"2022-07-13T01:11:53","slug":"donation-failed","status":"publish","type":"page","link":"https:\/\/southernsmoke.kudos.nyc\/es\/donation-failed\/","title":{"rendered":"Donaci\u00f3n fallida"},"content":{"rendered":"<p>Lo sentimos, no se pudo procesar su donaci\u00f3n. Vuelva a intentarlo o p\u00f3ngase en contacto con el soporte del sitio.<\/p>","protected":false},"excerpt":{"rendered":"<p>Lo sentimos, no se pudo procesar su donaci\u00f3n. Vuelva a intentarlo o p\u00f3ngase en contacto con el soporte del sitio.<\/p>","protected":false},"author":1,"featured_media":0,"parent":0,"menu_order":0,"comment_status":"closed","ping_status":"closed","template":"","meta":{"_acf_changed":false,"inline_featured_image":false,"footnotes":""},"class_list":["post-1189","page","type-page","status-publish","hentry"],"acf":[],"_links":{"self":[{"href":"https:\/\/southernsmoke.kudos.nyc\/es\/wp-json\/wp\/v2\/pages\/1189","targetHints":{"allow":["GET"]}}],"collection":[{"href":"https:\/\/southernsmoke.kudos.nyc\/es\/wp-json\/wp\/v2\/pages"}],"about":[{"href":"https:\/\/southernsmoke.kudos.nyc\/es\/wp-json\/wp\/v2\/types\/page"}],"author":[{"embeddable":true,"href":"https:\/\/southernsmoke.kudos.nyc\/es\/wp-json\/wp\/v2\/users\/1"}],"replies":[{"embeddable":true,"href":"https:\/\/southernsmoke.kudos.nyc\/es\/wp-json\/wp\/v2\/comments?post=1189"}],"version-history":[{"count":0,"href":"https:\/\/southernsmoke.kudos.nyc\/es\/wp-json\/wp\/v2\/pages\/1189\/revisions"}],"wp:attachment":[{"href":"https:\/\/southernsmoke.kudos.nyc\/es\/wp-json\/wp\/v2\/media?parent=1189"}],"curies":[{"name":"wp","href":"https:\/\/api.w.org\/{rel}","templated":true}]}}