{"id":2,"date":"2022-05-25T00:38:35","date_gmt":"2022-05-25T00:38:35","guid":{"rendered":"http:\/\/southern_smoke.localhost\/?page_id=2"},"modified":"2023-07-21T16:28:01","modified_gmt":"2023-07-21T16:28:01","slug":"sample-page","status":"publish","type":"page","link":"https:\/\/southernsmoke.kudos.nyc\/es\/sample-page\/","title":{"rendered":"P\u00e1gina de Ejemplo"},"content":{"rendered":"<p>Esta es una pagina de ejemplo. Es diferente de una publicaci\u00f3n de blog porque permanecer\u00e1 en un lugar y aparecer\u00e1 en la navegaci\u00f3n de su sitio (en la mayor\u00eda de los temas). La mayor\u00eda de las personas comienzan con una p\u00e1gina Acerca de que les presenta a los visitantes potenciales del sitio. Podr\u00eda decir algo como esto:<\/p>\r\n\r\n\r\n\r\n<blockquote class=\"wp-block-quote is-layout-flow wp-block-quote-is-layout-flow\"><p>\u00a1Hola! Soy mensajero en bicicleta de d\u00eda, aspirante a actor de noche, y este es mi sitio web. Vivo en Los \u00c1ngeles, tengo un gran perro llamado Jack y me gustan las pi\u00f1as coladas. (Y quedar atrapado en la lluvia.)<\/p><\/blockquote>\r\n\r\n\r\n\r\n<p>\u2026o algo como esto:<\/p>\r\n\r\n\r\n\r\n<blockquote class=\"wp-block-quote is-layout-flow wp-block-quote-is-layout-flow\"><p>La empresa XYZ Doohickey se fund\u00f3 en 1971 y desde entonces ha estado proporcionando al p\u00fablico art\u00edculos de calidad. Ubicada en Gotham City, XYZ emplea a m\u00e1s de 2000 personas y hace todo tipo de cosas incre\u00edbles para la comunidad de Gotham.<\/p><\/blockquote>\r\n\r\n\r\n\r\n<p>Como nuevo usuario de WordPress, debe ir a <a href=\"http:\/\/southern_smoke.localhost\/wp-admin\/\">tu tablero<\/a> para eliminar esta p\u00e1gina y crear nuevas p\u00e1ginas para su contenido. \u00a1Que te diviertas!<\/p>\r\n\r\n\r\n<script type=\"text\/javascript\" src=\"https:\/\/southernsmoke.formstack.com\/forms\/js.php\/short_app_2023\"><\/script><noscript><a href=\"https:\/\/southernsmoke.formstack.com\/forms\/short_app_2023\" title=\"Formulario en linea\">Formulario en l\u00ednea - APLICACI\u00d3N CORTA 2023<\/a><\/noscript><div style=\"text-align:right; font-size:x-small;\"><a href=\"http:\/\/www.formstack.com?utm_source=jsembed&#038;utm_medium=product&#038;utm_campaign=product+branding&#038;fa=h,5376290\" title=\"Desarrollado por Formstack\">Desarrollado por Formstack<\/a><\/div>","protected":false},"excerpt":{"rendered":"<p>Esta es una pagina de ejemplo. Es diferente de una publicaci\u00f3n de blog porque permanecer\u00e1 en un lugar y aparecer\u00e1 en la navegaci\u00f3n de su sitio (en la mayor\u00eda de los temas). La mayor\u00eda [\u2026]<\/p>","protected":false},"author":1,"featured_media":0,"parent":0,"menu_order":0,"comment_status":"closed","ping_status":"closed","template":"","meta":{"_acf_changed":false,"inline_featured_image":false,"footnotes":""},"class_list":["post-2","page","type-page","status-publish","hentry"],"acf":[],"_links":{"self":[{"href":"https:\/\/southernsmoke.kudos.nyc\/es\/wp-json\/wp\/v2\/pages\/2","targetHints":{"allow":["GET"]}}],"collection":[{"href":"https:\/\/southernsmoke.kudos.nyc\/es\/wp-json\/wp\/v2\/pages"}],"about":[{"href":"https:\/\/southernsmoke.kudos.nyc\/es\/wp-json\/wp\/v2\/types\/page"}],"author":[{"embeddable":true,"href":"https:\/\/southernsmoke.kudos.nyc\/es\/wp-json\/wp\/v2\/users\/1"}],"replies":[{"embeddable":true,"href":"https:\/\/southernsmoke.kudos.nyc\/es\/wp-json\/wp\/v2\/comments?post=2"}],"version-history":[{"count":2,"href":"https:\/\/southernsmoke.kudos.nyc\/es\/wp-json\/wp\/v2\/pages\/2\/revisions"}],"predecessor-version":[{"id":5640,"href":"https:\/\/southernsmoke.kudos.nyc\/es\/wp-json\/wp\/v2\/pages\/2\/revisions\/5640"}],"wp:attachment":[{"href":"https:\/\/southernsmoke.kudos.nyc\/es\/wp-json\/wp\/v2\/media?parent=2"}],"curies":[{"name":"wp","href":"https:\/\/api.w.org\/{rel}","templated":true}]}}