{"id":7445,"date":"2024-08-01T12:45:09","date_gmt":"2024-08-01T12:45:09","guid":{"rendered":"https:\/\/southernsmoke.org\/?page_id=7445"},"modified":"2024-08-01T18:56:10","modified_gmt":"2024-08-01T18:56:10","slug":"double-the-donation","status":"publish","type":"page","link":"https:\/\/southernsmoke.kudos.nyc\/es\/double-the-donation\/","title":{"rendered":"Duplica la donaci\u00f3n"},"content":{"rendered":"<h2>\u00a1Gracias por tu donaci\u00f3n!<\/h2>\n<h2>\u00bfSab\u00edas que puedes duplicar tu donaci\u00f3n a trav\u00e9s de nuestro programa de donaci\u00f3n equivalente?<\/h2>\n<p>Muchos empleadores ofrecen programas de donaciones de contrapartida para igualar las contribuciones caritativas realizadas por sus empleados. Los obsequios de los c\u00f3nyuges de los empleados y de los jubilados tambi\u00e9n pueden calificar para una igualaci\u00f3n. Busque para saber si su empleador tiene un programa de donaciones equivalentes.<\/p>\n<h2><\/h2>\n<h2>As\u00ed es como se desarrolla el proceso de igualaci\u00f3n de regalos:<\/h2>\n<ol>\n<li>\n<h2>Buscar<\/h2>\n<p>Despu\u00e9s de realizar su donaci\u00f3n, averig\u00fce si su empresa ofrece un programa de donaciones equivalentes utilizando el <a href=\"#dd-container\">Duplica la donaci\u00f3n<\/a> barra de b\u00fasqueda a continuaci\u00f3n y revise las pautas. \u00bfNo hay resultados? Comun\u00edquese directamente con su departamento de recursos humanos para preguntar si ofrecen un programa de obsequios equivalentes.<\/li>\n<li>\n<h2>F\u00f3sforo<\/h2>\n<p>Haga clic en el enlace de intranet de su empresa que aparece en los resultados de la b\u00fasqueda. Inicie sesi\u00f3n y env\u00ede su solicitud electr\u00f3nicamente.<\/li>\n<\/ol>\n<script>var DDCONF = { API_KEY: \"diiJIqb8czMpfcka\" };<\/script>\n                <div id=\"dd-container\"><\/div>\n<h2><\/h2>\n<p>&nbsp;<\/p>\n<h2>\u00bfPreguntas?<\/h2>\n<p dir=\"ltr\">Fundaci\u00f3n Humo del Sur<br \/>\n<a href=\"geo:0,0?q=1302+Waugh+Drive+%23970%0AHouston%2C+TX+77019\">1302 Unidad Waugh #970<\/a><br \/>\n<a href=\"geo:0,0?q=1302+Waugh+Drive+%23970%0AHouston%2C+TX+77019\">Houston, Texas 77019<\/a><br \/>\nCorreo electr\u00f3nico: <a href=\"mailto:info@southernsmoke.org\">info@southernsmoke.org<\/a><\/p>\n<p>&nbsp;<\/p>","protected":false},"excerpt":{"rendered":"<p>\u00a1Gracias por tu donaci\u00f3n! \u00bfSab\u00edas que puedes duplicar tu donaci\u00f3n a trav\u00e9s de nuestro programa de donaciones equivalentes? Muchos empleadores ofrecen programas de donaciones equivalentes para igualar las contribuciones ben\u00e9ficas realizadas [\u2026]<\/p>","protected":false},"author":1,"featured_media":0,"parent":0,"menu_order":0,"comment_status":"closed","ping_status":"closed","template":"templates\/page-content.php","meta":{"_acf_changed":false,"inline_featured_image":false,"footnotes":""},"class_list":["post-7445","page","type-page","status-publish","hentry"],"acf":[],"_links":{"self":[{"href":"https:\/\/southernsmoke.kudos.nyc\/es\/wp-json\/wp\/v2\/pages\/7445","targetHints":{"allow":["GET"]}}],"collection":[{"href":"https:\/\/southernsmoke.kudos.nyc\/es\/wp-json\/wp\/v2\/pages"}],"about":[{"href":"https:\/\/southernsmoke.kudos.nyc\/es\/wp-json\/wp\/v2\/types\/page"}],"author":[{"embeddable":true,"href":"https:\/\/southernsmoke.kudos.nyc\/es\/wp-json\/wp\/v2\/users\/1"}],"replies":[{"embeddable":true,"href":"https:\/\/southernsmoke.kudos.nyc\/es\/wp-json\/wp\/v2\/comments?post=7445"}],"version-history":[{"count":6,"href":"https:\/\/southernsmoke.kudos.nyc\/es\/wp-json\/wp\/v2\/pages\/7445\/revisions"}],"predecessor-version":[{"id":7452,"href":"https:\/\/southernsmoke.kudos.nyc\/es\/wp-json\/wp\/v2\/pages\/7445\/revisions\/7452"}],"wp:attachment":[{"href":"https:\/\/southernsmoke.kudos.nyc\/es\/wp-json\/wp\/v2\/media?parent=7445"}],"curies":[{"name":"wp","href":"https:\/\/api.w.org\/{rel}","templated":true}]}}