{"id":7707,"date":"2024-12-20T16:21:49","date_gmt":"2024-12-20T16:21:49","guid":{"rendered":"https:\/\/southernsmoke.org\/?page_id=7707"},"modified":"2025-05-09T11:45:48","modified_gmt":"2025-05-09T11:45:48","slug":"dine-out-rice-village","status":"publish","type":"page","link":"https:\/\/southernsmoke.kudos.nyc\/es\/dine-out-rice-village\/","title":{"rendered":"Cena fuera en Rice Village"},"content":{"rendered":"<p>Prep\u00e1rese para saborear lo mejor de Rice Village este enero con <strong>Cena fuera en Rice Village<\/strong>\u00a1Esta emocionante iniciativa gastron\u00f3mica, exclusiva del distrito Rice Village y los restaurantes del vecindario, invita a los clientes a disfrutar de men\u00fas especiales mientras apoyan una gran causa!<\/p>\n<p>Durante todo enero, los restaurantes participantes ofrecer\u00e1n men\u00fas exclusivos de precio fijo o platos destacados, y una parte de las ganancias se destinar\u00e1 a la Southern Smoke Foundation. Desde comidas de tres platos hasta platos de comida r\u00e1pida, hay algo para todos los gustos. No pierda la oportunidad de explorar los sabores vibrantes del vecindario y contribuir al mismo tiempo.<\/p>\n<p>\u00a1\u00danase a nosotros este enero en Dine Out Rice Village, donde la buena comida se une a una gran causa!<\/p>","protected":false},"excerpt":{"rendered":"<p>\u00a1Prep\u00e1rate para disfrutar de lo mejor de Rice Village este enero con Dine Out Rice Village! Esta emocionante iniciativa gastron\u00f3mica, exclusiva del distrito de Rice Village y restaurantes del barrio, invita a los comensales [\u2026]<\/p>","protected":false},"author":11,"featured_media":0,"parent":0,"menu_order":0,"comment_status":"closed","ping_status":"closed","template":"templates\/page-annual-event.php","meta":{"_acf_changed":false,"inline_featured_image":false,"footnotes":""},"class_list":["post-7707","page","type-page","status-publish","hentry"],"acf":[],"_links":{"self":[{"href":"https:\/\/southernsmoke.kudos.nyc\/es\/wp-json\/wp\/v2\/pages\/7707","targetHints":{"allow":["GET"]}}],"collection":[{"href":"https:\/\/southernsmoke.kudos.nyc\/es\/wp-json\/wp\/v2\/pages"}],"about":[{"href":"https:\/\/southernsmoke.kudos.nyc\/es\/wp-json\/wp\/v2\/types\/page"}],"author":[{"embeddable":true,"href":"https:\/\/southernsmoke.kudos.nyc\/es\/wp-json\/wp\/v2\/users\/11"}],"replies":[{"embeddable":true,"href":"https:\/\/southernsmoke.kudos.nyc\/es\/wp-json\/wp\/v2\/comments?post=7707"}],"version-history":[{"count":23,"href":"https:\/\/southernsmoke.kudos.nyc\/es\/wp-json\/wp\/v2\/pages\/7707\/revisions"}],"predecessor-version":[{"id":8338,"href":"https:\/\/southernsmoke.kudos.nyc\/es\/wp-json\/wp\/v2\/pages\/7707\/revisions\/8338"}],"wp:attachment":[{"href":"https:\/\/southernsmoke.kudos.nyc\/es\/wp-json\/wp\/v2\/media?parent=7707"}],"curies":[{"name":"wp","href":"https:\/\/api.w.org\/{rel}","templated":true}]}}