{"id":8130,"date":"2025-04-09T17:21:09","date_gmt":"2025-04-09T17:21:09","guid":{"rendered":"https:\/\/southernsmoke.org\/?page_id=8130"},"modified":"2025-08-29T17:56:31","modified_gmt":"2025-08-29T17:56:31","slug":"respect-the-rose-2025","status":"publish","type":"page","link":"https:\/\/southernsmoke.kudos.nyc\/es\/respect-the-rose-2025\/","title":{"rendered":"Respeta el Ros\u00e9 2025"},"content":{"rendered":"<article class=\"text-token-text-primary w-full\" dir=\"auto\" data-testid=\"conversation-turn-4\" data-scroll-anchor=\"true\">\n<div class=\"text-base my-auto mx-auto py-5 [--thread-content-margin:--spacing(4)] @[37rem]:[--thread-content-margin:--spacing(6)] @[72rem]:[--thread-content-margin:--spacing(16)] px-(--thread-content-margin)\">\n<div class=\"[--thread-content-max-width:32rem] @[34rem]:[--thread-content-max-width:40rem] @[64rem]:[--thread-content-max-width:48rem] mx-auto flex max-w-(--thread-content-max-width) flex-1 text-base gap-4 md:gap-5 lg:gap-6 group\/turn-messages focus-visible:outline-hidden\" tabindex=\"-1\">\n<div class=\"group\/conversation-turn relative flex w-full min-w-0 flex-col agent-turn\">\n<div class=\"relative flex-col gap-1 md:gap-3\">\n<div class=\"flex max-w-full flex-col grow\">\n<div class=\"min-h-8 text-message relative flex w-full flex-col items-end gap-2 text-start break-words whitespace-normal [.text-message+&amp;]:mt-5\" dir=\"auto\" data-message-author-role=\"assistant\" data-message-id=\"689632be-3f4f-47da-a822-0d11bcdcfa45\" data-message-model-slug=\"gpt-4o\">\n<div class=\"flex w-full flex-col gap-1 empty:hidden first:pt-[3px]\">\n<div class=\"markdown prose dark:prose-invert w-full break-words light\">\n<p data-start=\"85\" data-end=\"595\" data-is-last-node=\"\" data-is-only-node=\"\">\u00a1Nuestra fiesta tem\u00e1tica favorita volvi\u00f3 con un regreso espectacular! El 17 de mayo, nos remontamos a los 80 con una inolvidable fiesta de graduaci\u00f3n bajo el mar a beneficio de la Fundaci\u00f3n Southern Smoke. Con una incre\u00edble cena colaborativa a cargo de los chefs Andy Ticer, Michael Hudman, Stephen Stryjewski, Chris Shepherd, Ryan Prewitt y Brennan&#039;s of Houston, adem\u00e1s de una selecci\u00f3n estelar de rosados y vinos, los invitados disfrutaron de una noche de deliciosa nostalgia. Gracias a su apoyo, recaudamos una cantidad incre\u00edble. <strong data-start=\"560\" data-end=\"571\">$85,000<\/strong> \u00a1Para apoyar nuestra misi\u00f3n!<\/p>\n<\/div>\n<\/div>\n<\/div>\n<\/div>\n<\/div>\n<\/div>\n<\/div>\n<\/div>\n<\/article>\n<a href=\"https:\/\/events.humanitix.com\/2025-respect-the-rose\" class=\"button button-alt\" target=\"_blank\">Conseguir entradas<\/a>","protected":false},"excerpt":{"rendered":"<p>\u00a1Nuestra fiesta tem\u00e1tica favorita volvi\u00f3 con un \u00e9xito rotundo! El 17 de mayo, nos remontamos a los 80 con un inolvidable baile de graduaci\u00f3n bajo el mar a beneficio de Southern Smoke [\u2026]<\/p>","protected":false},"author":11,"featured_media":0,"parent":0,"menu_order":0,"comment_status":"closed","ping_status":"closed","template":"templates\/page-annual-event.php","meta":{"_acf_changed":false,"inline_featured_image":false,"footnotes":""},"class_list":["post-8130","page","type-page","status-publish","hentry"],"acf":[],"_links":{"self":[{"href":"https:\/\/southernsmoke.kudos.nyc\/es\/wp-json\/wp\/v2\/pages\/8130","targetHints":{"allow":["GET"]}}],"collection":[{"href":"https:\/\/southernsmoke.kudos.nyc\/es\/wp-json\/wp\/v2\/pages"}],"about":[{"href":"https:\/\/southernsmoke.kudos.nyc\/es\/wp-json\/wp\/v2\/types\/page"}],"author":[{"embeddable":true,"href":"https:\/\/southernsmoke.kudos.nyc\/es\/wp-json\/wp\/v2\/users\/11"}],"replies":[{"embeddable":true,"href":"https:\/\/southernsmoke.kudos.nyc\/es\/wp-json\/wp\/v2\/comments?post=8130"}],"version-history":[{"count":27,"href":"https:\/\/southernsmoke.kudos.nyc\/es\/wp-json\/wp\/v2\/pages\/8130\/revisions"}],"predecessor-version":[{"id":8998,"href":"https:\/\/southernsmoke.kudos.nyc\/es\/wp-json\/wp\/v2\/pages\/8130\/revisions\/8998"}],"wp:attachment":[{"href":"https:\/\/southernsmoke.kudos.nyc\/es\/wp-json\/wp\/v2\/media?parent=8130"}],"curies":[{"name":"wp","href":"https:\/\/api.w.org\/{rel}","templated":true}]}}