{"id":1188,"date":"2022-07-13T01:11:53","date_gmt":"2022-07-13T01:11:53","guid":{"rendered":"https:\/\/southernsmoke.kudos.nyc\/donation-confirmation\/"},"modified":"2022-08-23T14:54:27","modified_gmt":"2022-08-23T14:54:27","slug":"donation-confirmation","status":"publish","type":"page","link":"https:\/\/southernsmoke.kudos.nyc\/vi\/donation-confirmation\/","title":{"rendered":"X\u00e1c nh\u1eadn quy\u00ean g\u00f3p"},"content":{"rendered":"<span class=\"eyebrow xlarge\">c\u1ea3m \u01a1n s\u1ef1 \u0111\u00f3ng g\u00f3p h\u00e0o ph\u00f3ng c\u1ee7a b\u1ea1n.<\/span>\n<h2>S\u1ef1 \u1ee7ng h\u1ed9 c\u1ee7a b\u1ea1n r\u1ea5t quan tr\u1ecdng trong n\u1ed7 l\u1ef1c \u201cch\u0103m s\u00f3c b\u1ea3n th\u00e2n\u201d. Thay m\u1eb7t cho Southern Smoke Foundation v\u00e0 h\u00e0ng ng\u00e0n ng\u01b0\u1eddi nh\u1eadn gi\u1ea3i m\u00e0 ch\u00fang t\u00f4i \u0111\u00e3 h\u1ed7 tr\u1ee3 nh\u1edd nh\u1eefng nh\u00e0 t\u00e0i tr\u1ee3 nh\u01b0 b\u1ea1n, ch\u00fang t\u00f4i xin g\u1eedi l\u1eddi c\u1ea3m \u01a1n ch\u00e2n th\u00e0nh nh\u1ea5t.<\/h2>\n<p><span class=\"p-style small\">B\u1ea1n c\u00f3 th\u1eafc m\u1eafc v\u1ec1 b\u00e1o c\u00e1o thu\u1ebf, h\u1ed3 s\u01a1 \u0111\u00f3ng g\u00f3p ho\u1eb7c c\u00e1c kho\u1ea3n \u0111\u00f3ng g\u00f3p li\u00ean t\u1ee5c cho Southern Smoke kh\u00f4ng? Li\u00ean h\u1ec7 v\u1edbi gi\u00e1m \u0111\u1ed1c ho\u1ea1t \u0111\u1ed9ng t\u1eeb thi\u1ec7n c\u1ee7a Southern Smoke, Catarina Bill t\u1ea1i <a href=\"mailto:catarina@southernsmoke.org\">catarina@southernsmoke.org<\/a>. <\/span><\/p>","protected":false},"excerpt":{"rendered":"<p>S\u1ef1 \u1ee7ng h\u1ed9 c\u1ee7a b\u1ea1n r\u1ea5t quan tr\u1ecdng trong n\u1ed7 l\u1ef1c \u201cch\u0103m s\u00f3c b\u1ea3n th\u00e2n\u201d. Thay m\u1eb7t cho Southern Smoke Foundation v\u00e0 h\u00e0ng ng\u00e0n ng\u01b0\u1eddi nh\u1eadn gi\u1ea3i th\u01b0\u1edfng, ch\u00fang t\u00f4i \u0111\u00e3 c\u00f3 th\u1ec3 h\u1ed7 tr\u1ee3 [\u2026]<\/p>","protected":false},"author":1,"featured_media":1196,"parent":0,"menu_order":0,"comment_status":"closed","ping_status":"closed","template":"templates\/page-donate-confirmation.php","meta":{"_acf_changed":false,"inline_featured_image":false,"footnotes":""},"class_list":["post-1188","page","type-page","status-publish","has-post-thumbnail","hentry"],"acf":[],"_links":{"self":[{"href":"https:\/\/southernsmoke.kudos.nyc\/vi\/wp-json\/wp\/v2\/pages\/1188","targetHints":{"allow":["GET"]}}],"collection":[{"href":"https:\/\/southernsmoke.kudos.nyc\/vi\/wp-json\/wp\/v2\/pages"}],"about":[{"href":"https:\/\/southernsmoke.kudos.nyc\/vi\/wp-json\/wp\/v2\/types\/page"}],"author":[{"embeddable":true,"href":"https:\/\/southernsmoke.kudos.nyc\/vi\/wp-json\/wp\/v2\/users\/1"}],"replies":[{"embeddable":true,"href":"https:\/\/southernsmoke.kudos.nyc\/vi\/wp-json\/wp\/v2\/comments?post=1188"}],"version-history":[{"count":3,"href":"https:\/\/southernsmoke.kudos.nyc\/vi\/wp-json\/wp\/v2\/pages\/1188\/revisions"}],"predecessor-version":[{"id":1922,"href":"https:\/\/southernsmoke.kudos.nyc\/vi\/wp-json\/wp\/v2\/pages\/1188\/revisions\/1922"}],"wp:featuredmedia":[{"embeddable":true,"href":"https:\/\/southernsmoke.kudos.nyc\/vi\/wp-json\/wp\/v2\/media\/1196"}],"wp:attachment":[{"href":"https:\/\/southernsmoke.kudos.nyc\/vi\/wp-json\/wp\/v2\/media?parent=1188"}],"curies":[{"name":"trang web","href":"https:\/\/api.w.org\/{rel}","templated":true}]}}