{"id":1189,"date":"2022-07-13T01:11:53","date_gmt":"2022-07-13T01:11:53","guid":{"rendered":"https:\/\/southernsmoke.kudos.nyc\/donation-failed\/"},"modified":"2022-07-13T01:11:53","modified_gmt":"2022-07-13T01:11:53","slug":"donation-failed","status":"publish","type":"page","link":"https:\/\/southernsmoke.kudos.nyc\/vi\/donation-failed\/","title":{"rendered":"Quy\u00ean g\u00f3p kh\u00f4ng th\u00e0nh c\u00f4ng"},"content":{"rendered":"<p>Ch\u00fang t\u00f4i r\u1ea5t ti\u1ebfc, kho\u1ea3n quy\u00ean g\u00f3p c\u1ee7a b\u1ea1n kh\u00f4ng \u0111\u01b0\u1ee3c x\u1eed l\u00fd. Vui l\u00f2ng th\u1eed l\u1ea1i ho\u1eb7c li\u00ean h\u1ec7 v\u1edbi b\u1ed9 ph\u1eadn h\u1ed7 tr\u1ee3 c\u1ee7a trang web.<\/p>","protected":false},"excerpt":{"rendered":"<p>Ch\u00fang t\u00f4i r\u1ea5t ti\u1ebfc, kho\u1ea3n quy\u00ean g\u00f3p c\u1ee7a b\u1ea1n kh\u00f4ng \u0111\u01b0\u1ee3c x\u1eed l\u00fd. Vui l\u00f2ng th\u1eed l\u1ea1i ho\u1eb7c li\u00ean h\u1ec7 v\u1edbi b\u1ed9 ph\u1eadn h\u1ed7 tr\u1ee3 c\u1ee7a trang web.<\/p>","protected":false},"author":1,"featured_media":0,"parent":0,"menu_order":0,"comment_status":"closed","ping_status":"closed","template":"","meta":{"_acf_changed":false,"inline_featured_image":false,"footnotes":""},"class_list":["post-1189","page","type-page","status-publish","hentry"],"acf":[],"_links":{"self":[{"href":"https:\/\/southernsmoke.kudos.nyc\/vi\/wp-json\/wp\/v2\/pages\/1189","targetHints":{"allow":["GET"]}}],"collection":[{"href":"https:\/\/southernsmoke.kudos.nyc\/vi\/wp-json\/wp\/v2\/pages"}],"about":[{"href":"https:\/\/southernsmoke.kudos.nyc\/vi\/wp-json\/wp\/v2\/types\/page"}],"author":[{"embeddable":true,"href":"https:\/\/southernsmoke.kudos.nyc\/vi\/wp-json\/wp\/v2\/users\/1"}],"replies":[{"embeddable":true,"href":"https:\/\/southernsmoke.kudos.nyc\/vi\/wp-json\/wp\/v2\/comments?post=1189"}],"version-history":[{"count":0,"href":"https:\/\/southernsmoke.kudos.nyc\/vi\/wp-json\/wp\/v2\/pages\/1189\/revisions"}],"wp:attachment":[{"href":"https:\/\/southernsmoke.kudos.nyc\/vi\/wp-json\/wp\/v2\/media?parent=1189"}],"curies":[{"name":"trang web","href":"https:\/\/api.w.org\/{rel}","templated":true}]}}