{"id":6326,"date":"2024-01-26T03:36:19","date_gmt":"2024-01-26T03:36:19","guid":{"rendered":"https:\/\/southernsmoke.org\/?page_id=6326"},"modified":"2025-05-23T14:24:49","modified_gmt":"2025-05-23T14:24:49","slug":"southern-smoke-decanted","status":"publish","type":"page","link":"https:\/\/southernsmoke.kudos.nyc\/vi\/southern-smoke-decanted\/","title":{"rendered":"Southern Smoke Decanted"},"content":{"rendered":"<p>Decanted, do Lexus tr\u00ecnh b\u00e0y, gi\u1edbi thi\u1ec7u nh\u1eefng lo\u1ea1i r\u01b0\u1ee3u vang ngon nh\u1ea5t c\u1ee7a ch\u00fang t\u00f4i v\u00e0 c\u00f9ng nhau \u0111\u1ea5u gi\u00e1 r\u01b0\u1ee3u vang c\u1ee7a Southern Smoke, k\u1ebft n\u1ed1i nh\u1eefng ng\u01b0\u1eddi y\u00eau r\u01b0\u1ee3u vang v\u1edbi nh\u1eefng ng\u01b0\u1eddi l\u00e0m r\u01b0\u1ee3u vang t\u1eeb kh\u1eafp n\u01a1i tr\u00ean th\u1ebf gi\u1edbi trong m\u1ed9t bu\u1ed5i chi\u1ec1u ngo\u1ea1n m\u1ee5c g\u00e2y qu\u1ef9 cho Qu\u1ef9 Southern Smoke. <strong>L\u01b0u ng\u00e0y 29 th\u00e1ng 3 n\u0103m 2025 nh\u00e9!<\/strong><\/p>\n<a href=\"https:\/\/eventsupporter.onecause.com\/event\/organizations\/sf-001C000001NDvt8IAD\/events\/vevt:0807d19d-51c0-4776-b779-9b73908b2aba\/auctions\/silent-auction\" class=\"button button-maroon\" target=\"\">\u0110\u1ea5u gi\u00e1 ngay, \u0111\u1ea5u gi\u00e1 th\u01b0\u1eddng xuy\u00ean<\/a>","protected":false},"excerpt":{"rendered":"<p>Decanted, \u0111\u01b0\u1ee3c Lexus gi\u1edbi thi\u1ec7u, s\u1ebd gi\u1edbi thi\u1ec7u nh\u1eefng lo\u1ea1i r\u01b0\u1ee3u vang ngon nh\u1ea5t c\u1ee7a ch\u00fang t\u00f4i v\u00e0 c\u00f9ng nhau tham gia \u0111\u1ea5u gi\u00e1 r\u01b0\u1ee3u vang c\u1ee7a Southern Smoke, k\u1ebft n\u1ed1i nh\u1eefng ng\u01b0\u1eddi y\u00eau r\u01b0\u1ee3u vang v\u1edbi nh\u1eefng ng\u01b0\u1eddi l\u00e0m r\u01b0\u1ee3u vang t\u1eeb kh\u1eafp n\u01a1i tr\u00ean th\u1ebf gi\u1edbi trong m\u1ed9t [\u2026]<\/p>","protected":false},"author":1,"featured_media":0,"parent":0,"menu_order":0,"comment_status":"closed","ping_status":"closed","template":"templates\/page-annual-event.php","meta":{"_acf_changed":false,"inline_featured_image":false,"footnotes":""},"class_list":["post-6326","page","type-page","status-publish","hentry"],"acf":[],"_links":{"self":[{"href":"https:\/\/southernsmoke.kudos.nyc\/vi\/wp-json\/wp\/v2\/pages\/6326","targetHints":{"allow":["GET"]}}],"collection":[{"href":"https:\/\/southernsmoke.kudos.nyc\/vi\/wp-json\/wp\/v2\/pages"}],"about":[{"href":"https:\/\/southernsmoke.kudos.nyc\/vi\/wp-json\/wp\/v2\/types\/page"}],"author":[{"embeddable":true,"href":"https:\/\/southernsmoke.kudos.nyc\/vi\/wp-json\/wp\/v2\/users\/1"}],"replies":[{"embeddable":true,"href":"https:\/\/southernsmoke.kudos.nyc\/vi\/wp-json\/wp\/v2\/comments?post=6326"}],"version-history":[{"count":116,"href":"https:\/\/southernsmoke.kudos.nyc\/vi\/wp-json\/wp\/v2\/pages\/6326\/revisions"}],"predecessor-version":[{"id":8378,"href":"https:\/\/southernsmoke.kudos.nyc\/vi\/wp-json\/wp\/v2\/pages\/6326\/revisions\/8378"}],"wp:attachment":[{"href":"https:\/\/southernsmoke.kudos.nyc\/vi\/wp-json\/wp\/v2\/media?parent=6326"}],"curies":[{"name":"trang web","href":"https:\/\/api.w.org\/{rel}","templated":true}]}}