{"id":6570,"date":"2024-01-31T18:32:35","date_gmt":"2024-01-31T18:32:35","guid":{"rendered":"https:\/\/southernsmoke.org\/?page_id=6570"},"modified":"2025-03-31T17:28:14","modified_gmt":"2025-03-31T17:28:14","slug":"respect-the-rose-run-for-the-roses","status":"publish","type":"page","link":"https:\/\/southernsmoke.kudos.nyc\/vi\/respect-the-rose-run-for-the-roses\/","title":{"rendered":"T\u00f4n tr\u1ecdng Ros\u00e9"},"content":{"rendered":"<p>Ch\u00fang t\u00f4i \u0111\u00e3 u\u1ed1ng r\u01b0\u1ee3u vang h\u1ed3ng v\u1edbi m\u1ed9t s\u1ed1 \u0111\u1ea7u b\u1ebfp y\u00eau th\u00edch c\u1ee7a ch\u00fang t\u00f4i k\u1ec3 t\u1eeb n\u0103m 2016! Ch\u00fang t\u00f4i s\u1ebd quay l\u1ea1i <strong>Ng\u00e0y 17 th\u00e1ng 5 n\u0103m 2025<\/strong> v\u1edbi ch\u1ee7 \u0111\u1ec1 m\u1edbi v\u00e0 m\u1ed9t b\u1eefa ti\u1ec7c tuy\u1ec7t v\u1eddi kh\u00e1c!<\/p>","protected":false},"excerpt":{"rendered":"<p>Ch\u00fang t\u00f4i \u0111\u00e3 u\u1ed1ng r\u01b0\u1ee3u vang h\u1ed3ng v\u1edbi m\u1ed9t s\u1ed1 \u0111\u1ea7u b\u1ebfp y\u00eau th\u00edch c\u1ee7a m\u00ecnh k\u1ec3 t\u1eeb n\u0103m 2016! Ch\u00fang t\u00f4i s\u1ebd tr\u1edf l\u1ea1i v\u00e0o ng\u00e0y 17 th\u00e1ng 5 n\u0103m 2025 v\u1edbi ch\u1ee7 \u0111\u1ec1 m\u1edbi v\u00e0 m\u1ed9t b\u1eefa ti\u1ec7c tuy\u1ec7t v\u1eddi kh\u00e1c!<\/p>","protected":false},"author":11,"featured_media":0,"parent":0,"menu_order":0,"comment_status":"closed","ping_status":"closed","template":"templates\/page-annual-event.php","meta":{"_acf_changed":false,"inline_featured_image":false,"footnotes":""},"class_list":["post-6570","page","type-page","status-publish","hentry"],"acf":[],"_links":{"self":[{"href":"https:\/\/southernsmoke.kudos.nyc\/vi\/wp-json\/wp\/v2\/pages\/6570","targetHints":{"allow":["GET"]}}],"collection":[{"href":"https:\/\/southernsmoke.kudos.nyc\/vi\/wp-json\/wp\/v2\/pages"}],"about":[{"href":"https:\/\/southernsmoke.kudos.nyc\/vi\/wp-json\/wp\/v2\/types\/page"}],"author":[{"embeddable":true,"href":"https:\/\/southernsmoke.kudos.nyc\/vi\/wp-json\/wp\/v2\/users\/11"}],"replies":[{"embeddable":true,"href":"https:\/\/southernsmoke.kudos.nyc\/vi\/wp-json\/wp\/v2\/comments?post=6570"}],"version-history":[{"count":46,"href":"https:\/\/southernsmoke.kudos.nyc\/vi\/wp-json\/wp\/v2\/pages\/6570\/revisions"}],"predecessor-version":[{"id":8107,"href":"https:\/\/southernsmoke.kudos.nyc\/vi\/wp-json\/wp\/v2\/pages\/6570\/revisions\/8107"}],"wp:attachment":[{"href":"https:\/\/southernsmoke.kudos.nyc\/vi\/wp-json\/wp\/v2\/media?parent=6570"}],"curies":[{"name":"trang web","href":"https:\/\/api.w.org\/{rel}","templated":true}]}}