{"id":7445,"date":"2024-08-01T12:45:09","date_gmt":"2024-08-01T12:45:09","guid":{"rendered":"https:\/\/southernsmoke.org\/?page_id=7445"},"modified":"2024-08-01T18:56:10","modified_gmt":"2024-08-01T18:56:10","slug":"double-the-donation","status":"publish","type":"page","link":"https:\/\/southernsmoke.kudos.nyc\/vi\/double-the-donation\/","title":{"rendered":"Nh\u00e2n \u0111\u00f4i s\u1ed1 ti\u1ec1n quy\u00ean g\u00f3p"},"content":{"rendered":"<h2>C\u1ea3m \u01a1n s\u1ef1 \u0111\u00f3ng g\u00f3p c\u1ee7a b\u1ea1n!<\/h2>\n<h2>B\u1ea1n c\u00f3 bi\u1ebft r\u1eb1ng b\u1ea1n c\u00f3 th\u1ec3 t\u0103ng g\u1ea5p \u0111\u00f4i s\u1ed1 ti\u1ec1n quy\u00ean g\u00f3p c\u1ee7a m\u00ecnh th\u00f4ng qua ch\u01b0\u01a1ng tr\u00ecnh quy\u00ean g\u00f3p t\u01b0\u01a1ng \u1ee9ng c\u1ee7a ch\u00fang t\u00f4i kh\u00f4ng?<\/h2>\n<p>Nhi\u1ec1u nh\u00e0 tuy\u1ec3n d\u1ee5ng cung c\u1ea5p ch\u01b0\u01a1ng tr\u00ecnh t\u1eb7ng qu\u00e0 ph\u00f9 h\u1ee3p \u0111\u1ec3 ph\u00f9 h\u1ee3p v\u1edbi c\u00e1c \u0111\u00f3ng g\u00f3p t\u1eeb thi\u1ec7n c\u1ee7a nh\u00e2n vi\u00ean. Qu\u00e0 t\u1eb7ng t\u1eeb v\u1ee3\/ch\u1ed3ng v\u00e0 ng\u01b0\u1eddi \u0111\u00e3 ngh\u1ec9 h\u01b0u c\u1ee7a nh\u00e2n vi\u00ean c\u0169ng c\u00f3 th\u1ec3 \u0111\u1ee7 \u0111i\u1ec1u ki\u1ec7n \u0111\u1ec3 \u0111\u01b0\u1ee3c t\u1eb7ng qu\u00e0 ph\u00f9 h\u1ee3p. T\u00ecm ki\u1ebfm \u0111\u1ec3 bi\u1ebft nh\u00e0 tuy\u1ec3n d\u1ee5ng c\u1ee7a b\u1ea1n c\u00f3 ch\u01b0\u01a1ng tr\u00ecnh t\u1eb7ng qu\u00e0 ph\u00f9 h\u1ee3p kh\u00f4ng.<\/p>\n<h2><\/h2>\n<h2>Qu\u00e1 tr\u00ecnh t\u00ecm ki\u1ebfm qu\u00e0 t\u1eb7ng ph\u00f9 h\u1ee3p di\u1ec5n ra nh\u01b0 sau:<\/h2>\n<ol>\n<li>\n<h2>T\u00ecm ki\u1ebfm<\/h2>\n<p>Sau khi b\u1ea1n th\u1ef1c hi\u1ec7n kho\u1ea3n quy\u00ean g\u00f3p c\u1ee7a m\u00ecnh, h\u00e3y t\u00ecm hi\u1ec3u xem c\u00f4ng ty c\u1ee7a b\u1ea1n c\u00f3 cung c\u1ea5p ch\u01b0\u01a1ng tr\u00ecnh t\u1eb7ng qu\u00e0 ph\u00f9 h\u1ee3p hay kh\u00f4ng b\u1eb1ng c\u00e1ch s\u1eed d\u1ee5ng <a href=\"#dd-container\">Nh\u00e2n \u0111\u00f4i s\u1ed1 ti\u1ec1n quy\u00ean g\u00f3p<\/a> thanh t\u00ecm ki\u1ebfm b\u00ean d\u01b0\u1edbi v\u00e0 xem l\u1ea1i h\u01b0\u1edbng d\u1eabn. Kh\u00f4ng c\u00f3 k\u1ebft qu\u1ea3? Li\u00ean h\u1ec7 tr\u1ef1c ti\u1ebfp v\u1edbi ph\u00f2ng nh\u00e2n s\u1ef1 c\u1ee7a b\u1ea1n \u0111\u1ec3 h\u1ecfi xem h\u1ecd c\u00f3 cung c\u1ea5p ch\u01b0\u01a1ng tr\u00ecnh t\u1eb7ng qu\u00e0 ph\u00f9 h\u1ee3p kh\u00f4ng.<\/li>\n<li>\n<h2>Cu\u1ed9c thi \u0111\u1ea5u<\/h2>\n<p>Nh\u1ea5p v\u00e0o li\u00ean k\u1ebft m\u1ea1ng n\u1ed9i b\u1ed9 c\u1ee7a c\u00f4ng ty b\u1ea1n \u0111\u01b0\u1ee3c cung c\u1ea5p trong k\u1ebft qu\u1ea3 t\u00ecm ki\u1ebfm. \u0110\u0103ng nh\u1eadp v\u00e0 g\u1eedi y\u00eau c\u1ea7u c\u1ee7a b\u1ea1n qua \u0111\u01b0\u1eddng \u0111i\u1ec7n t\u1eed.<\/li>\n<\/ol>\n<script>var DDCONF = { API_KEY: \"diiJIqb8czMpfcka\" };<\/script>\n                <div id=\"dd-container\"><\/div>\n<h2><\/h2>\n<p>&nbsp;<\/p>\n<h2>C\u00f3 c\u00e2u h\u1ecfi n\u00e0o kh\u00f4ng?<\/h2>\n<p dir=\"ltr\">Qu\u1ef9 Southern Smoke<br \/>\n<a href=\"geo:0,0?q=1302+Waugh+Drive+%23970%0AHouston%2C+TX+77019\">1302 \u0110\u01b0\u1eddng Waugh #970<\/a><br \/>\n<a href=\"geo:0,0?q=1302+Waugh+Drive+%23970%0AHouston%2C+TX+77019\">Houston, TX 77019<\/a><br \/>\nE-mail: <a href=\"mailto:info@southernsmoke.org\">info@southernsmoke.org<\/a><\/p>\n<p>&nbsp;<\/p>","protected":false},"excerpt":{"rendered":"<p>C\u1ea3m \u01a1n b\u1ea1n \u0111\u00e3 quy\u00ean g\u00f3p! B\u1ea1n c\u00f3 bi\u1ebft r\u1eb1ng b\u1ea1n c\u00f3 th\u1ec3 nh\u00e2n \u0111\u00f4i s\u1ed1 ti\u1ec1n quy\u00ean g\u00f3p c\u1ee7a m\u00ecnh th\u00f4ng qua ch\u01b0\u01a1ng tr\u00ecnh quy\u00ean g\u00f3p t\u01b0\u01a1ng \u1ee9ng c\u1ee7a ch\u00fang t\u00f4i kh\u00f4ng? Nhi\u1ec1u nh\u00e0 tuy\u1ec3n d\u1ee5ng cung c\u1ea5p ch\u01b0\u01a1ng tr\u00ecnh t\u1eb7ng qu\u00e0 t\u01b0\u01a1ng \u1ee9ng \u0111\u1ec3 ph\u00f9 h\u1ee3p v\u1edbi c\u00e1c \u0111\u00f3ng g\u00f3p t\u1eeb thi\u1ec7n \u0111\u01b0\u1ee3c th\u1ef1c hi\u1ec7n [\u2026]<\/p>","protected":false},"author":1,"featured_media":0,"parent":0,"menu_order":0,"comment_status":"closed","ping_status":"closed","template":"templates\/page-content.php","meta":{"_acf_changed":false,"inline_featured_image":false,"footnotes":""},"class_list":["post-7445","page","type-page","status-publish","hentry"],"acf":[],"_links":{"self":[{"href":"https:\/\/southernsmoke.kudos.nyc\/vi\/wp-json\/wp\/v2\/pages\/7445","targetHints":{"allow":["GET"]}}],"collection":[{"href":"https:\/\/southernsmoke.kudos.nyc\/vi\/wp-json\/wp\/v2\/pages"}],"about":[{"href":"https:\/\/southernsmoke.kudos.nyc\/vi\/wp-json\/wp\/v2\/types\/page"}],"author":[{"embeddable":true,"href":"https:\/\/southernsmoke.kudos.nyc\/vi\/wp-json\/wp\/v2\/users\/1"}],"replies":[{"embeddable":true,"href":"https:\/\/southernsmoke.kudos.nyc\/vi\/wp-json\/wp\/v2\/comments?post=7445"}],"version-history":[{"count":6,"href":"https:\/\/southernsmoke.kudos.nyc\/vi\/wp-json\/wp\/v2\/pages\/7445\/revisions"}],"predecessor-version":[{"id":7452,"href":"https:\/\/southernsmoke.kudos.nyc\/vi\/wp-json\/wp\/v2\/pages\/7445\/revisions\/7452"}],"wp:attachment":[{"href":"https:\/\/southernsmoke.kudos.nyc\/vi\/wp-json\/wp\/v2\/media?parent=7445"}],"curies":[{"name":"trang web","href":"https:\/\/api.w.org\/{rel}","templated":true}]}}