{"id":7707,"date":"2024-12-20T16:21:49","date_gmt":"2024-12-20T16:21:49","guid":{"rendered":"https:\/\/southernsmoke.org\/?page_id=7707"},"modified":"2025-05-09T11:45:48","modified_gmt":"2025-05-09T11:45:48","slug":"dine-out-rice-village","status":"publish","type":"page","link":"https:\/\/southernsmoke.kudos.nyc\/vi\/dine-out-rice-village\/","title":{"rendered":"\u0102n t\u1ed1i \u1edf L\u00e0ng G\u1ea1o"},"content":{"rendered":"<p>H\u00e3y s\u1eb5n s\u00e0ng \u0111\u1ec3 th\u01b0\u1edfng th\u1ee9c nh\u1eefng \u0111i\u1ec1u tuy\u1ec7t v\u1eddi nh\u1ea5t c\u1ee7a Rice Village v\u00e0o th\u00e1ng 1 n\u00e0y v\u1edbi <strong>\u0102n t\u1ed1i \u1edf L\u00e0ng G\u1ea1o<\/strong>! S\u00e1ng ki\u1ebfn \u1ea9m th\u1ef1c th\u00fa v\u1ecb n\u00e0y, d\u00e0nh ri\u00eang cho Khu Rice Village v\u00e0 c\u00e1c nh\u00e0 h\u00e0ng trong khu v\u1ef1c, m\u1eddi g\u1ecdi th\u1ef1c kh\u00e1ch th\u01b0\u1edfng th\u1ee9c c\u00e1c th\u1ef1c \u0111\u01a1n \u0111\u1eb7c bi\u1ec7t trong khi \u1ee7ng h\u1ed9 m\u1ed9t m\u1ee5c \u0111\u00edch cao c\u1ea3.<\/p>\n<p>Trong su\u1ed1t th\u00e1ng 1, c\u00e1c nh\u00e0 h\u00e0ng tham gia s\u1ebd cung c\u1ea5p c\u00e1c th\u1ef1c \u0111\u01a1n gi\u00e1 c\u1ed1 \u0111\u1ecbnh \u0111\u1ed9c \u0111\u00e1o ho\u1eb7c c\u00e1c m\u1eb7t h\u00e0ng \u0111\u1eb7c tr\u01b0ng, v\u1edbi m\u1ed9t ph\u1ea7n doanh thu s\u1ebd \u0111\u01b0\u1ee3c chuy\u1ec3n cho Southern Smoke Foundation. T\u1eeb c\u00e1c b\u1eefa \u0103n ba m\u00f3n \u0111\u1ebfn c\u00e1c m\u00f3n \u0103n nhanh y\u00eau th\u00edch, c\u00f3 \u0111\u1ee7 m\u1ecdi kh\u1ea9u v\u1ecb. \u0110\u1eebng b\u1ecf l\u1ee1 c\u01a1 h\u1ed9i kh\u00e1m ph\u00e1 h\u01b0\u01a1ng v\u1ecb s\u1ed1ng \u0111\u1ed9ng c\u1ee7a khu ph\u1ed1 v\u00e0 \u0111\u1ed3ng th\u1eddi \u0111\u1ec1n \u0111\u00e1p.<\/p>\n<p>H\u00e3y tham gia c\u00f9ng ch\u00fang t\u00f4i v\u00e0o th\u00e1ng 1 n\u00e0y t\u1ea1i Dine Out Rice Village\u2014n\u01a1i \u1ea9m th\u1ef1c tuy\u1ec7t v\u1eddi k\u1ebft h\u1ee3p v\u1edbi m\u1ee5c \u0111\u00edch cao c\u1ea3!<\/p>","protected":false},"excerpt":{"rendered":"<p>H\u00e3y s\u1eb5n s\u00e0ng \u0111\u1ec3 th\u01b0\u1edfng th\u1ee9c nh\u1eefng m\u00f3n ngon nh\u1ea5t c\u1ee7a Rice Village v\u00e0o th\u00e1ng 1 n\u00e0y v\u1edbi Dine Out Rice Village! S\u00e1ng ki\u1ebfn \u0103n u\u1ed1ng th\u00fa v\u1ecb n\u00e0y, d\u00e0nh ri\u00eang cho Rice Village District v\u00e0 c\u00e1c nh\u00e0 h\u00e0ng l\u00e2n c\u1eadn, m\u1eddi c\u00e1c kh\u00e1ch h\u00e0ng [\u2026]<\/p>","protected":false},"author":11,"featured_media":0,"parent":0,"menu_order":0,"comment_status":"closed","ping_status":"closed","template":"templates\/page-annual-event.php","meta":{"_acf_changed":false,"inline_featured_image":false,"footnotes":""},"class_list":["post-7707","page","type-page","status-publish","hentry"],"acf":[],"_links":{"self":[{"href":"https:\/\/southernsmoke.kudos.nyc\/vi\/wp-json\/wp\/v2\/pages\/7707","targetHints":{"allow":["GET"]}}],"collection":[{"href":"https:\/\/southernsmoke.kudos.nyc\/vi\/wp-json\/wp\/v2\/pages"}],"about":[{"href":"https:\/\/southernsmoke.kudos.nyc\/vi\/wp-json\/wp\/v2\/types\/page"}],"author":[{"embeddable":true,"href":"https:\/\/southernsmoke.kudos.nyc\/vi\/wp-json\/wp\/v2\/users\/11"}],"replies":[{"embeddable":true,"href":"https:\/\/southernsmoke.kudos.nyc\/vi\/wp-json\/wp\/v2\/comments?post=7707"}],"version-history":[{"count":23,"href":"https:\/\/southernsmoke.kudos.nyc\/vi\/wp-json\/wp\/v2\/pages\/7707\/revisions"}],"predecessor-version":[{"id":8338,"href":"https:\/\/southernsmoke.kudos.nyc\/vi\/wp-json\/wp\/v2\/pages\/7707\/revisions\/8338"}],"wp:attachment":[{"href":"https:\/\/southernsmoke.kudos.nyc\/vi\/wp-json\/wp\/v2\/media?parent=7707"}],"curies":[{"name":"trang web","href":"https:\/\/api.w.org\/{rel}","templated":true}]}}