{"id":8130,"date":"2025-04-09T17:21:09","date_gmt":"2025-04-09T17:21:09","guid":{"rendered":"https:\/\/southernsmoke.org\/?page_id=8130"},"modified":"2025-08-29T17:56:31","modified_gmt":"2025-08-29T17:56:31","slug":"respect-the-rose-2025","status":"publish","type":"page","link":"https:\/\/southernsmoke.kudos.nyc\/vi\/respect-the-rose-2025\/","title":{"rendered":"T\u00f4n tr\u1ecdng Ros\u00e9 2025"},"content":{"rendered":"<article class=\"text-token-text-primary w-full\" dir=\"auto\" data-testid=\"conversation-turn-4\" data-scroll-anchor=\"true\">\n<div class=\"text-base my-auto mx-auto py-5 [--thread-content-margin:--spacing(4)] @[37rem]:[--thread-content-margin:--spacing(6)] @[72rem]:[--thread-content-margin:--spacing(16)] px-(--thread-content-margin)\">\n<div class=\"[--thread-content-max-width:32rem] @[34rem]:[--thread-content-max-width:40rem] @[64rem]:[--thread-content-max-width:48rem] mx-auto flex max-w-(--thread-content-max-width) flex-1 text-base gap-4 md:gap-5 lg:gap-6 group\/turn-messages focus-visible:outline-hidden\" tabindex=\"-1\">\n<div class=\"group\/conversation-turn relative flex w-full min-w-0 flex-col agent-turn\">\n<div class=\"relative flex-col gap-1 md:gap-3\">\n<div class=\"flex max-w-full flex-col grow\">\n<div class=\"min-h-8 text-message relative flex w-full flex-col items-end gap-2 text-start break-words whitespace-normal [.text-message+&amp;]:mt-5\" dir=\"auto\" data-message-author-role=\"assistant\" data-message-id=\"689632be-3f4f-47da-a822-0d11bcdcfa45\" data-message-model-slug=\"gpt-4o\">\n<div class=\"flex w-full flex-col gap-1 empty:hidden first:pt-[3px]\">\n<div class=\"markdown prose dark:prose-invert w-full break-words light\">\n<p data-start=\"85\" data-end=\"595\" data-is-last-node=\"\" data-is-only-node=\"\">B\u1eefa ti\u1ec7c theo ch\u1ee7 \u0111\u1ec1 y\u00eau th\u00edch c\u1ee7a ch\u00fang t\u00f4i \u0111\u00e3 tr\u1edf l\u1ea1i ho\u00e0n to\u00e0n theo phong c\u00e1ch \u1ed1ng! V\u00e0o ng\u00e0y 17 th\u00e1ng 5, ch\u00fang t\u00f4i \u0111\u00e3 quay tr\u1edf l\u1ea1i th\u1eadp ni\u00ean 80 \u0111\u1ec3 t\u1ed5 ch\u1ee9c ti\u1ec7c Under the Sea Prom g\u00e2y qu\u1ef9 cho Southern Smoke Foundation. V\u1edbi b\u1eefa t\u1ed1i h\u1ee3p t\u00e1c tuy\u1ec7t v\u1eddi c\u1ee7a c\u00e1c \u0111\u1ea7u b\u1ebfp Andy Ticer, Michael Hudman, Stephen Stryjewski, Chris Shepherd, Ryan Prewitt v\u00e0 Brennan&#039;s of Houston\u2014c\u00f9ng v\u1edbi m\u1ed9t lo\u1ea1t r\u01b0\u1ee3u vang h\u1ed3ng v\u00e0 r\u01b0\u1ee3u vang h\u1ea3o h\u1ea1ng\u2014kh\u00e1ch m\u1eddi \u0111\u00e3 \u0111\u01b0\u1ee3c chi\u00eau \u0111\u00e3i m\u1ed9t \u0111\u00eam ho\u00e0i ni\u1ec7m ngon l\u00e0nh. Nh\u1edd s\u1ef1 \u1ee7ng h\u1ed9 c\u1ee7a b\u1ea1n, ch\u00fang t\u00f4i \u0111\u00e3 g\u00e2y qu\u1ef9 \u0111\u01b0\u1ee3c m\u1ed9t kho\u1ea3n ti\u1ec1n \u0111\u00e1ng kinh ng\u1ea1c <strong data-start=\"560\" data-end=\"571\">$85,000<\/strong> \u0111\u1ec3 h\u1ed7 tr\u1ee3 s\u1ee9 m\u1ec7nh c\u1ee7a ch\u00fang t\u00f4i!<\/p>\n<\/div>\n<\/div>\n<\/div>\n<\/div>\n<\/div>\n<\/div>\n<\/div>\n<\/div>\n<\/article>\n<a href=\"https:\/\/events.humanitix.com\/2025-respect-the-rose\" class=\"button button-alt\" target=\"_blank\">Nh\u1eadn v\u00e9<\/a>","protected":false},"excerpt":{"rendered":"<p>B\u1eefa ti\u1ec7c theo ch\u1ee7 \u0111\u1ec1 y\u00eau th\u00edch c\u1ee7a ch\u00fang t\u00f4i \u0111\u00e3 tr\u1edf l\u1ea1i ho\u00e0n to\u00e0n theo phong c\u00e1ch \u1ed1ng! V\u00e0o ng\u00e0y 17 th\u00e1ng 5, ch\u00fang t\u00f4i \u0111\u00e3 quay tr\u1edf l\u1ea1i th\u1eadp ni\u00ean 80 v\u1edbi b\u1eefa ti\u1ec7c Under the Sea Prom \u0111\u00e1ng nh\u1edb g\u00e2y qu\u1ef9 cho Southern Smoke [\u2026]<\/p>","protected":false},"author":11,"featured_media":0,"parent":0,"menu_order":0,"comment_status":"closed","ping_status":"closed","template":"templates\/page-annual-event.php","meta":{"_acf_changed":false,"inline_featured_image":false,"footnotes":""},"class_list":["post-8130","page","type-page","status-publish","hentry"],"acf":[],"_links":{"self":[{"href":"https:\/\/southernsmoke.kudos.nyc\/vi\/wp-json\/wp\/v2\/pages\/8130","targetHints":{"allow":["GET"]}}],"collection":[{"href":"https:\/\/southernsmoke.kudos.nyc\/vi\/wp-json\/wp\/v2\/pages"}],"about":[{"href":"https:\/\/southernsmoke.kudos.nyc\/vi\/wp-json\/wp\/v2\/types\/page"}],"author":[{"embeddable":true,"href":"https:\/\/southernsmoke.kudos.nyc\/vi\/wp-json\/wp\/v2\/users\/11"}],"replies":[{"embeddable":true,"href":"https:\/\/southernsmoke.kudos.nyc\/vi\/wp-json\/wp\/v2\/comments?post=8130"}],"version-history":[{"count":27,"href":"https:\/\/southernsmoke.kudos.nyc\/vi\/wp-json\/wp\/v2\/pages\/8130\/revisions"}],"predecessor-version":[{"id":8998,"href":"https:\/\/southernsmoke.kudos.nyc\/vi\/wp-json\/wp\/v2\/pages\/8130\/revisions\/8998"}],"wp:attachment":[{"href":"https:\/\/southernsmoke.kudos.nyc\/vi\/wp-json\/wp\/v2\/media?parent=8130"}],"curies":[{"name":"trang web","href":"https:\/\/api.w.org\/{rel}","templated":true}]}}